{"id":18,"date":"2022-01-07T10:10:43","date_gmt":"2022-01-07T09:10:43","guid":{"rendered":"http:\/\/lavieetbelle.be\/?page_id=18"},"modified":"2026-01-05T18:34:35","modified_gmt":"2026-01-05T17:34:35","slug":"accueil","status":"publish","type":"page","link":"https:\/\/lavieetbelle.be\/","title":{"rendered":"Accueil"},"content":{"rendered":"\r\n<div class=\"wp-block-image\">\r\n<figure class=\"aligncenter size-large is-resized\">\r\n<div class=\"wp-block-image\"><img loading=\"lazy\" decoding=\"async\" class=\"alignnone size-medium wp-image-120\" src=\"https:\/\/lavieetbelle.be\/wp-content\/uploads\/2026\/01\/1000020827-300x60.jpeg\" alt=\"\" width=\"300\" height=\"60\" srcset=\"https:\/\/lavieetbelle.be\/wp-content\/uploads\/2026\/01\/1000020827-300x60.jpeg 300w, https:\/\/lavieetbelle.be\/wp-content\/uploads\/2026\/01\/1000020827.jpeg 397w\" sizes=\"auto, (max-width: 300px) 100vw, 300px\" \/> \u00a0<\/div>\r\n<p class=\"has-text-align-center\">Bienvenue \u00e0 la boutique La vie &amp; Belle<\/p>\r\n<p class=\"has-text-align-center\">Boutique sp\u00e9cialis\u00e9e, associ\u00e9e \u00e0 une \u00e9quipe pluridisciplinaire d&rsquo;esth\u00e9ticiennes sociales, qui accompagne la personne et son entourage dans le choix de sa qualit\u00e9 de vie.<\/p>\r\n<div class=\"wp-block-image is-style-rounded\">\r\n<figure class=\"aligncenter size-large is-resized\"><img loading=\"lazy\" decoding=\"async\" class=\"wp-image-92\" src=\"https:\/\/lavieetbelle.be\/wp-content\/uploads\/2022\/03\/IMG_20220124_155354-768x1024.jpg\" alt=\"\" width=\"490\" height=\"655\" \/><\/figure>\r\n<\/div>\r\n<p>&nbsp;<\/p>\r\n<p class=\"has-text-align-center\" style=\"text-align: center;\"><strong>P\u00e9dicure m\u00e9dicale<\/strong><\/p>\r\n<p class=\"has-text-align-center\" style=\"text-align: center;\"><strong>R\u00e9flexologie plantaire<\/strong><\/p>\r\n<p class=\"has-text-align-center\" style=\"text-align: center;\"><strong>Massage relaxants<\/strong><\/p>\r\n<p class=\"has-text-align-center\" style=\"text-align: center;\"><strong>Soins esth\u00e9tiques, soins visages personnalis\u00e9s<\/strong><\/p>\r\n<p style=\"text-align: center;\"><strong>Produits de soins naturels\u00a0<\/strong><\/p>\r\n<p class=\"has-text-align-center\" style=\"text-align: center;\"><strong>Conseils et vente en Aromath\u00e9rapie<\/strong><\/p>\r\n<p class=\"has-text-align-center\" style=\"text-align: center;\"><strong>Foulard et bandeaux<\/strong><\/p>\r\n<p class=\"has-text-align-center\" style=\"text-align: center;\"><strong>Maquillage semi-permanent des sourcils<\/strong><\/p>\r\n<p style=\"text-align: center;\"><strong>Drainage lymphatique esth\u00e9tique<\/strong><\/p>\r\n<\/figure>\r\n<p style=\"text-align: center;\"><strong>Shiatsu<\/strong><\/p>\r\n<figure class=\"aligncenter size-large is-resized\">\r\n<p>&nbsp;<\/p>\r\n<figure class=\"wp-block-gallery has-nested-images columns-default is-cropped\">\r\n<figure class=\"wp-block-image\"><img loading=\"lazy\" decoding=\"async\" width=\"1920\" height=\"2560\" class=\"wp-image-107\" src=\"https:\/\/lavieetbelle.be\/wp-content\/uploads\/2022\/03\/IMG_20220124_155334-scaled.jpg\" alt=\"\" srcset=\"https:\/\/lavieetbelle.be\/wp-content\/uploads\/2022\/03\/IMG_20220124_155334-scaled.jpg 1920w, https:\/\/lavieetbelle.be\/wp-content\/uploads\/2022\/03\/IMG_20220124_155334-225x300.jpg 225w, https:\/\/lavieetbelle.be\/wp-content\/uploads\/2022\/03\/IMG_20220124_155334-768x1024.jpg 768w, https:\/\/lavieetbelle.be\/wp-content\/uploads\/2022\/03\/IMG_20220124_155334-1152x1536.jpg 1152w, https:\/\/lavieetbelle.be\/wp-content\/uploads\/2022\/03\/IMG_20220124_155334-1536x2048.jpg 1536w\" sizes=\"auto, (max-width: 1920px) 100vw, 1920px\" \/><\/figure>\r\n<figure class=\"wp-block-image\"><img loading=\"lazy\" decoding=\"async\" width=\"2560\" height=\"1920\" class=\"wp-image-95\" src=\"https:\/\/lavieetbelle.be\/wp-content\/uploads\/2022\/03\/IMG_20220124_183524-scaled.jpg\" alt=\"\" srcset=\"https:\/\/lavieetbelle.be\/wp-content\/uploads\/2022\/03\/IMG_20220124_183524-scaled.jpg 2560w, https:\/\/lavieetbelle.be\/wp-content\/uploads\/2022\/03\/IMG_20220124_183524-300x225.jpg 300w, https:\/\/lavieetbelle.be\/wp-content\/uploads\/2022\/03\/IMG_20220124_183524-1024x768.jpg 1024w, https:\/\/lavieetbelle.be\/wp-content\/uploads\/2022\/03\/IMG_20220124_183524-768x576.jpg 768w, https:\/\/lavieetbelle.be\/wp-content\/uploads\/2022\/03\/IMG_20220124_183524-1536x1152.jpg 1536w, https:\/\/lavieetbelle.be\/wp-content\/uploads\/2022\/03\/IMG_20220124_183524-2048x1536.jpg 2048w\" sizes=\"auto, (max-width: 2560px) 100vw, 2560px\" \/><\/figure>\r\n<figure class=\"wp-block-image\"><img loading=\"lazy\" decoding=\"async\" width=\"1920\" height=\"2560\" class=\"wp-image-93\" src=\"https:\/\/lavieetbelle.be\/wp-content\/uploads\/2022\/03\/IMG_20220124_183539-scaled.jpg\" alt=\"\" srcset=\"https:\/\/lavieetbelle.be\/wp-content\/uploads\/2022\/03\/IMG_20220124_183539-scaled.jpg 1920w, https:\/\/lavieetbelle.be\/wp-content\/uploads\/2022\/03\/IMG_20220124_183539-225x300.jpg 225w, https:\/\/lavieetbelle.be\/wp-content\/uploads\/2022\/03\/IMG_20220124_183539-768x1024.jpg 768w, https:\/\/lavieetbelle.be\/wp-content\/uploads\/2022\/03\/IMG_20220124_183539-1152x1536.jpg 1152w, https:\/\/lavieetbelle.be\/wp-content\/uploads\/2022\/03\/IMG_20220124_183539-1536x2048.jpg 1536w\" sizes=\"auto, (max-width: 1920px) 100vw, 1920px\" \/><\/figure>\r\n<p>&nbsp;<\/p>\r\n<figure class=\"wp-block-image\"><\/figure>\r\n<\/figure>\r\n<\/figure>\r\n<\/div>\r\n","protected":false},"excerpt":{"rendered":"","protected":false},"author":1,"featured_media":0,"parent":0,"menu_order":0,"comment_status":"closed","ping_status":"closed","template":"","meta":{"footnotes":""},"class_list":["post-18","page","type-page","status-publish","hentry"],"_links":{"self":[{"href":"https:\/\/lavieetbelle.be\/index.php\/wp-json\/wp\/v2\/pages\/18","targetHints":{"allow":["GET"]}}],"collection":[{"href":"https:\/\/lavieetbelle.be\/index.php\/wp-json\/wp\/v2\/pages"}],"about":[{"href":"https:\/\/lavieetbelle.be\/index.php\/wp-json\/wp\/v2\/types\/page"}],"author":[{"embeddable":true,"href":"https:\/\/lavieetbelle.be\/index.php\/wp-json\/wp\/v2\/users\/1"}],"replies":[{"embeddable":true,"href":"https:\/\/lavieetbelle.be\/index.php\/wp-json\/wp\/v2\/comments?post=18"}],"version-history":[{"count":8,"href":"https:\/\/lavieetbelle.be\/index.php\/wp-json\/wp\/v2\/pages\/18\/revisions"}],"predecessor-version":[{"id":116,"href":"https:\/\/lavieetbelle.be\/index.php\/wp-json\/wp\/v2\/pages\/18\/revisions\/116"}],"wp:attachment":[{"href":"https:\/\/lavieetbelle.be\/index.php\/wp-json\/wp\/v2\/media?parent=18"}],"curies":[{"name":"wp","href":"https:\/\/api.w.org\/{rel}","templated":true}]}}