{"id":20,"date":"2022-01-07T10:11:24","date_gmt":"2022-01-07T09:11:24","guid":{"rendered":"http:\/\/lavieetbelle.be\/?page_id=20"},"modified":"2026-01-05T22:51:29","modified_gmt":"2026-01-05T21:51:29","slug":"contact","status":"publish","type":"page","link":"https:\/\/lavieetbelle.be\/index.php\/contact\/","title":{"rendered":"Contact"},"content":{"rendered":"\r\n<div class=\"wp-block-image\">\r\n<figure class=\"aligncenter size-large\"><img loading=\"lazy\" decoding=\"async\" class=\"alignnone wp-image-120 size-medium\" src=\"https:\/\/lavieetbelle.be\/wp-content\/uploads\/2026\/01\/1000020827-300x60.jpeg\" alt=\"\" width=\"300\" height=\"60\" srcset=\"https:\/\/lavieetbelle.be\/wp-content\/uploads\/2026\/01\/1000020827-300x60.jpeg 300w, https:\/\/lavieetbelle.be\/wp-content\/uploads\/2026\/01\/1000020827.jpeg 397w\" sizes=\"auto, (max-width: 300px) 100vw, 300px\" \/><\/figure>\r\n<\/div>\r\n\r\n\r\n\r\n<p class=\"has-text-align-center\">Adresse : <a href=\"https:\/\/www.google.com\/maps\/place\/Rue+du+Naimeux+41,+4802+Verviers\/@50.5770419,5.862147,16.25z\/data=!4m5!3m4!1s0x47c08bd21a1ab3c5:0xe38b32bf28536f5a!8m2!3d50.5778309!4d5.8648\" data-type=\"URL\" data-id=\"https:\/\/www.google.com\/maps\/place\/Rue+du+Naimeux+41,+4802+Verviers\/@50.5770419,5.862147,16.25z\/data=!4m5!3m4!1s0x47c08bd21a1ab3c5:0xe38b32bf28536f5a!8m2!3d50.5778309!4d5.8648\">Rue du Naimeux, 41 &#8211; 4802 heusy<\/a><\/p>\r\n\r\n\r\n\r\n<p class=\"has-text-align-center\"><a href=\"tel:+3287227661\">087227661<\/a><\/p>\r\n<p class=\"has-text-align-center\">N\u00b0 TVA : BE 0880 929 848<\/p>\r\n\r\n\r\n\r\n<div class=\"wp-block-image\">\r\n<figure class=\"aligncenter size-large is-resized\"><img loading=\"lazy\" decoding=\"async\" class=\"wp-image-16\" src=\"https:\/\/lavieetbelle.be\/wp-content\/uploads\/2022\/01\/lavieetbelle-1024x768.jpg\" alt=\"\" width=\"512\" height=\"384\" srcset=\"https:\/\/lavieetbelle.be\/wp-content\/uploads\/2022\/01\/lavieetbelle-1024x768.jpg 1024w, https:\/\/lavieetbelle.be\/wp-content\/uploads\/2022\/01\/lavieetbelle-300x225.jpg 300w, https:\/\/lavieetbelle.be\/wp-content\/uploads\/2022\/01\/lavieetbelle-768x576.jpg 768w, https:\/\/lavieetbelle.be\/wp-content\/uploads\/2022\/01\/lavieetbelle-1536x1152.jpg 1536w, https:\/\/lavieetbelle.be\/wp-content\/uploads\/2022\/01\/lavieetbelle.jpg 2048w\" sizes=\"auto, (max-width: 512px) 100vw, 512px\" \/><\/figure>\r\n<p>&nbsp;<\/p>\r\n<\/div>\r\n\r\n\r\n\r\n<div class=\"wp-block-columns is-layout-flex wp-container-core-columns-is-layout-9d6595d7 wp-block-columns-is-layout-flex\">\r\n<div class=\"wp-block-column is-layout-flow wp-block-column-is-layout-flow\">\r\n<h3 class=\"has-text-align-center wp-block-heading\">Evelyne Reip<\/h3>\r\n\r\n\r\n\r\n<p class=\"has-text-align-center\">Esth\u00e9ticienne sociale<br \/>P\u00e9dicure m\u00e9dicale<br \/>Boutique sp\u00e9cialis\u00e9e<\/p>\r\n\r\n\r\n\r\n<p class=\"has-text-align-center\"><a href=\"tel:+32474356545\" data-type=\"tel\" data-id=\"tel:+32474356545\">0474 35 65 45<\/a><\/p>\r\n<h3 class=\"has-text-align-center\">Audrey Heeren<\/h3>\r\n<p>\r\n\r\n<\/p>\r\n<p class=\"has-text-align-center\">Drainage lymphatique<\/p>\r\n<p>\r\n\r\n<\/p>\r\n<p class=\"has-text-align-center\"><a href=\"tel:+32494298594\" data-type=\"tel\" data-id=\"tel:+3287227661\">0494 29 85 94<\/a><\/p>\r\n<\/div>\r\n\r\n\r\n\r\n<div class=\"wp-block-column is-layout-flow wp-block-column-is-layout-flow\">\r\n<h3 class=\"has-text-align-center wp-block-heading\">Mireille Polis<\/h3>\r\n\r\n\r\n\r\n<p class=\"has-text-align-center\">Esth\u00e9ticienne<br \/>P\u00e9dicure m\u00e9dicale<br \/>R\u00e9flexologue plantaire<\/p>\r\n\r\n\r\n\r\n<p class=\"has-text-align-center\"><a href=\"tel:+3287227661\" data-type=\"tel\" data-id=\"tel:+3287227661\">087 227 661<\/a><\/p>\r\n<h3 class=\"has-text-align-center\">C\u00e9line Rodriguez<\/h3>\r\n<p>\r\n\r\n<\/p>\r\n<p class=\"has-text-align-center\">Esth\u00e9ticienne sociale<br \/>P\u00e9dicure m\u00e9dicale<\/p>\r\n<p>\r\n\r\n<\/p>\r\n<p class=\"has-text-align-center\"><a href=\"tel:+32498358703\" data-type=\"tel\" data-id=\"tel:+3287227661\">0498358703<\/a><\/p>\r\n<\/div>\r\n<\/div>\r\n\r\n<p>&nbsp;<\/p>\r\n<h3 class=\"has-text-align-center\">Laetitia Eloye<\/h3>\r\n<p><!-- \/wp:post-content -->\r\n\r\n<!-- wp:paragraph {\"align\":\"center\"} --><\/p>\r\n<p class=\"has-text-align-center\">Massage<\/p>\r\n<p><!-- \/wp:paragraph -->\r\n\r\n<!-- wp:paragraph {\"align\":\"center\"} --><\/p>\r\n<p class=\"has-text-align-center\"><a href=\"https:\/\/www.yellowpilatesandco.com\/reserver\">yellowpilatesandco<\/a><\/p>\r\n<!-- \/wp:paragraph -->","protected":false},"excerpt":{"rendered":"<p>Adresse : Rue du Naimeux, 41 &#8211; 4802 heusy 087227661 N\u00b0 TVA : BE 0880 929 848 Evelyne Reip Esth\u00e9ticienne socialeP\u00e9dicure m\u00e9dicaleBoutique sp\u00e9cialis\u00e9e 0474 35 65 45 Audrey Heeren Drainage lymphatique 0494 29 85 94 Mireille Polis Esth\u00e9ticienneP\u00e9dicure m\u00e9dicaleR\u00e9flexologue plantaire 087 227 661 C\u00e9line Rodriguez Esth\u00e9ticienne socialeP\u00e9dicure m\u00e9dicale 0498358703 &nbsp; Laetitia Eloye Massage yellowpilatesandco<\/p>\n","protected":false},"author":1,"featured_media":0,"parent":0,"menu_order":0,"comment_status":"closed","ping_status":"closed","template":"","meta":{"footnotes":""},"class_list":["post-20","page","type-page","status-publish","hentry"],"_links":{"self":[{"href":"https:\/\/lavieetbelle.be\/index.php\/wp-json\/wp\/v2\/pages\/20","targetHints":{"allow":["GET"]}}],"collection":[{"href":"https:\/\/lavieetbelle.be\/index.php\/wp-json\/wp\/v2\/pages"}],"about":[{"href":"https:\/\/lavieetbelle.be\/index.php\/wp-json\/wp\/v2\/types\/page"}],"author":[{"embeddable":true,"href":"https:\/\/lavieetbelle.be\/index.php\/wp-json\/wp\/v2\/users\/1"}],"replies":[{"embeddable":true,"href":"https:\/\/lavieetbelle.be\/index.php\/wp-json\/wp\/v2\/comments?post=20"}],"version-history":[{"count":15,"href":"https:\/\/lavieetbelle.be\/index.php\/wp-json\/wp\/v2\/pages\/20\/revisions"}],"predecessor-version":[{"id":178,"href":"https:\/\/lavieetbelle.be\/index.php\/wp-json\/wp\/v2\/pages\/20\/revisions\/178"}],"wp:attachment":[{"href":"https:\/\/lavieetbelle.be\/index.php\/wp-json\/wp\/v2\/media?parent=20"}],"curies":[{"name":"wp","href":"https:\/\/api.w.org\/{rel}","templated":true}]}}