{"id":90,"date":"2022-01-07T11:35:47","date_gmt":"2022-01-07T10:35:47","guid":{"rendered":"http:\/\/lavieetbelle.be\/index.php\/politique-de-cookies-eu\/"},"modified":"2026-01-05T22:20:51","modified_gmt":"2026-01-05T21:20:51","slug":"politique-de-cookies-eu","status":"publish","type":"page","link":"https:\/\/lavieetbelle.be\/index.php\/politique-de-cookies-eu\/","title":{"rendered":"Politique de cookies (EU)"},"content":{"rendered":"<p style=\"text-align: left; padding-left: 40px;\">\n<p>Derni\u00e8re mise \u00e0 jour : 5\/1\/2026<\/p>\n<p>1. Introduction<\/p>\n<p>Le site La Vie &amp; Belle utilise des cookies afin d\u2019am\u00e9liorer votre exp\u00e9rience et de mesurer la fr\u00e9quentation du site.<\/p>\n<p>2. D\u00e9finition<\/p>\n<p>Un cookie est un petit fichier texte d\u00e9pos\u00e9 sur votre appareil lors de la visite d\u2019un site web. Il permet de reconna\u00eetre votre navigateur et de retenir vos pr\u00e9f\u00e9rences.<\/p>\n<p>3. Types de cookies utilis\u00e9s<\/p>\n<ul>\n<li>\n<p>Cookies essentiels : n\u00e9cessaires au bon fonctionnement du site (s\u00e9curit\u00e9, navigation).<\/p>\n<\/li>\n<li>\n<p>Cookies statistiques : utilis\u00e9s pour mesurer l\u2019audience et am\u00e9liorer le site (ex. Google Analytics).<\/p>\n<\/li>\n<li>\n<p>Cookies marketing \/ r\u00e9seaux sociaux : pour l\u2019int\u00e9gration de contenus ou partages (Instagram, Facebook, YouTube).<\/p>\n<\/li>\n<\/ul>\n<p>4. Consentement<\/p>\n<p>Lors de votre premi\u00e8re visite, une banni\u00e8re vous permet :<\/p>\n<ul>\n<li>\n<p>d\u2019accepter tous les cookies,<\/p>\n<\/li>\n<li>\n<p>de refuser les cookies non essentiels,<\/p>\n<\/li>\n<li>\n<p>ou de personnaliser vos pr\u00e9f\u00e9rences.<\/p>\n<p>Vous pouvez modifier votre choix \u00e0 tout moment via le lien \u00ab G\u00e9rer les cookies \u00bb.<\/p>\n<\/li>\n<\/ul>\n<p>5. Gestion des cookies<\/p>\n<p>Vous pouvez configurer votre navigateur pour bloquer ou supprimer les cookies :<\/p>\n<ul>\n<li>\n<p><a href=\"https:\/\/support.google.com\/chrome\/answer\/95647\">Chrome<\/a><img decoding=\"async\" src=\"file:\/\/\/Attachment.png\" alt=\"Attachment.png\" \/><\/p>\n<\/li>\n<li>\n<p><a href=\"https:\/\/support.mozilla.org\/fr\/kb\/effacer-les-cookies\">Firefox<\/a><img decoding=\"async\" src=\"file:\/\/\/Attachment.png\" alt=\"Attachment.png\" \/><\/p>\n<\/li>\n<li>\n<p><a href=\"https:\/\/support.apple.com\/fr-fr\/guide\/safari\/sfri11471\/mac\">Safari<\/a><img decoding=\"async\" src=\"file:\/\/\/Attachment.png\" alt=\"Attachment.png\" \/><\/p>\n<\/li>\n<li>\n<p><a href=\"https:\/\/support.microsoft.com\/fr-fr\/help\/4027947\/microsoft-edge-delete-cookies\">Edge<\/a><img decoding=\"async\" src=\"file:\/\/\/Attachment.png\" alt=\"Attachment.png\" \/><\/p>\n<\/li>\n<\/ul>\n<p>6. Cookies tiers<\/p>\n<p>Certains contenus int\u00e9gr\u00e9s (comme Instagram, Facebook ou Google Maps) peuvent installer leurs propres cookies.<\/p>\n<p>Veuillez consulter leurs politiques respectives pour plus d\u2019informations.<\/p>\n<hr \/>\n<p>Contact<\/p>\n<p>Pour toute question relative \u00e0 ces mentions l\u00e9gales ou \u00e0 la gestion de vos donn\u00e9es personnelles :<\/p>\n<p>La Vie &amp; Belle<\/p>\n<p>\ud83d\udce7 evelyne.reip@gmail.com<\/p>\n<p>\ud83d\udcde +32474356545<\/p>\n<p>Rue du Naimeux 41, 4802 Heusy<\/p>\n<hr \/>\n<p>\u00a9 La Vie &amp; Belle \u2014 Tous droits r\u00e9serv\u00e9s<\/p>\n","protected":false},"excerpt":{"rendered":"<p>Derni\u00e8re mise \u00e0 jour : 5\/1\/2026 1. Introduction Le site La Vie &amp; Belle utilise des cookies afin d\u2019am\u00e9liorer votre exp\u00e9rience et de mesurer la fr\u00e9quentation du site. 2. D\u00e9finition Un cookie est un petit fichier texte d\u00e9pos\u00e9 sur votre appareil lors de la visite d\u2019un site web. Il permet de reconna\u00eetre votre navigateur et &hellip; <\/p>\n","protected":false},"author":1,"featured_media":0,"parent":0,"menu_order":0,"comment_status":"closed","ping_status":"closed","template":"","meta":{"footnotes":""},"class_list":["post-90","page","type-page","status-publish","hentry"],"_links":{"self":[{"href":"https:\/\/lavieetbelle.be\/index.php\/wp-json\/wp\/v2\/pages\/90","targetHints":{"allow":["GET"]}}],"collection":[{"href":"https:\/\/lavieetbelle.be\/index.php\/wp-json\/wp\/v2\/pages"}],"about":[{"href":"https:\/\/lavieetbelle.be\/index.php\/wp-json\/wp\/v2\/types\/page"}],"author":[{"embeddable":true,"href":"https:\/\/lavieetbelle.be\/index.php\/wp-json\/wp\/v2\/users\/1"}],"replies":[{"embeddable":true,"href":"https:\/\/lavieetbelle.be\/index.php\/wp-json\/wp\/v2\/comments?post=90"}],"version-history":[{"count":6,"href":"https:\/\/lavieetbelle.be\/index.php\/wp-json\/wp\/v2\/pages\/90\/revisions"}],"predecessor-version":[{"id":152,"href":"https:\/\/lavieetbelle.be\/index.php\/wp-json\/wp\/v2\/pages\/90\/revisions\/152"}],"wp:attachment":[{"href":"https:\/\/lavieetbelle.be\/index.php\/wp-json\/wp\/v2\/media?parent=90"}],"curies":[{"name":"wp","href":"https:\/\/api.w.org\/{rel}","templated":true}]}}